{"id":184,"date":"2023-05-31T00:00:12","date_gmt":"2023-05-30T23:00:12","guid":{"rendered":"http:\/\/www.echappeeverte.com\/kayak-eco-tourisme\/?page_id=184"},"modified":"2023-05-31T21:10:44","modified_gmt":"2023-05-31T20:10:44","slug":"mentions-legales","status":"publish","type":"page","link":"https:\/\/www.echappeeverte.com\/kayak-eco-tourisme\/accueil\/mentions-legales\/","title":{"rendered":"Mentions l\u00e9gales"},"content":{"rendered":"<p>[et_pb_section fb_built=\u00a0\u00bb1&Prime; admin_label=\u00a0\u00bbsection\u00a0\u00bb _builder_version=\u00a0\u00bb4.16&Prime; global_colors_info=\u00a0\u00bb{}\u00a0\u00bb][et_pb_row admin_label=\u00a0\u00bbrow\u00a0\u00bb _builder_version=\u00a0\u00bb4.16&Prime; background_size=\u00a0\u00bbinitial\u00a0\u00bb background_position=\u00a0\u00bbtop_left\u00a0\u00bb background_repeat=\u00a0\u00bbrepeat\u00a0\u00bb global_colors_info=\u00a0\u00bb{}\u00a0\u00bb][et_pb_column type=\u00a0\u00bb4_4&Prime; _builder_version=\u00a0\u00bb4.16&Prime; custom_padding=\u00a0\u00bb|||\u00a0\u00bb global_colors_info=\u00a0\u00bb{}\u00a0\u00bb custom_padding__hover=\u00a0\u00bb|||\u00a0\u00bb][et_pb_text admin_label=\u00a0\u00bbText\u00a0\u00bb _builder_version=\u00a0\u00bb4.16&Prime; background_size=\u00a0\u00bbinitial\u00a0\u00bb background_position=\u00a0\u00bbtop_left\u00a0\u00bb background_repeat=\u00a0\u00bbrepeat\u00a0\u00bb global_colors_info=\u00a0\u00bb{}\u00a0\u00bb]<\/p>\n<h2>\u00c9diteur<\/h2>\n<p>L&rsquo;\u00c9chapp\u00e9e Verte<\/p>\n<p>\u2022 \u00a0 \u00a0Si\u00e8ge Social : 13 rue de la Capelane 34670 Saint-Br\u00e8s<br \/>\u2022\u00a0\u00a0 \u00a0T\u00e9l. : 06 13 07 04 03<br \/>\u2022\u00a0\u00a0 \u00a0Mail : everte@free.fr<br \/>\u2026\u2026\u2026\u2026\u2026\u2026\u2026\u2026\u2026\u2026\u2026\u2026\u2026\u2026\u2026\u2026\u2026\u2026\u2026\u2026\u2026\u2026\u2026\u2026.<\/p>\n<h2>Responsable de la publication<\/h2>\n<p>\u2022\u00a0\u00a0 \u00a0Jean-Marie Lesquer<br \/>\u2022\u00a0\u00a0 \u00a0RCS Montpellier : 422 454 611<br \/>\u2026\u2026\u2026\u2026\u2026\u2026\u2026\u2026\u2026\u2026\u2026\u2026\u2026\u2026\u2026\u2026\u2026\u2026\u2026\u2026\u2026\u2026\u2026\u2026.<\/p>\n<h2>R\u00e9alisation<\/h2>\n<p>Ce site a \u00e9t\u00e9 con\u00e7u et r\u00e9alis\u00e9 par <a href=\"http:\/\/www.colorescence.com\/\" target=\"_blank\" rel=\"noopener\">Colorescence<\/a> sur la plate forme WordPress<br \/>Commentaires, remarques et suggestions : contact@colorescence.com<br \/>\u2026\u2026\u2026\u2026\u2026\u2026\u2026\u2026\u2026\u2026\u2026\u2026\u2026\u2026\u2026\u2026\u2026\u2026\u2026\u2026\u2026\u2026\u2026\u2026.<\/p>\n<h2>Cr\u00e9dits Photo<\/h2>\n<p>\u2022 Paul Villecourt<br \/>\u2022 <a href=\"http:\/\/olivieroctobre-photo.fr\/\" target=\"_blank\" rel=\"noopener\">Olivier Octobre<\/a><\/p>\n<p>\u2026\u2026\u2026\u2026\u2026\u2026\u2026\u2026\u2026\u2026\u2026\u2026\u2026\u2026\u2026\u2026\u2026\u2026\u2026\u2026\u2026\u2026\u2026\u2026.<\/p>\n<h2>H\u00e9bergement<\/h2>\n<p><a href=\"http:\/\/www.ovh.com\/fr\/index.xml\" target=\"_blank\" rel=\"noopener\">OVH<\/a><br \/>SAS au capital de 10 000 000 \u20ac<br \/>RCS Roubaix \u2013 Tourcoing 424 761 419 00045<br \/>Code APE 6202A<br \/>N\u00b0 TVA : FR 22 424 761 419<br \/>Si\u00e8ge social : 2 rue Kellermann &#8211; 59100 Roubaix &#8211; France.<br \/>Directeur de la publication : Octave KLABA<\/p>\n<p>\u2026\u2026\u2026\u2026\u2026\u2026\u2026\u2026\u2026\u2026\u2026\u2026\u2026\u2026\u2026\u2026\u2026\u2026\u2026\u2026\u2026\u2026\u2026\u2026<\/p>\n<h2>MENTIONS LEGALES<\/h2>\n<p>En application de la loi du 11 mars 1957 (art. 41) et du code de la propri\u00e9t\u00e9 intellectuelle du 1er juillet 1992, toute reproduction partielle ou totale \u00e0 usage collectif est strictement interdite sans autorisation de l&rsquo;\u00e9diteur.<br \/>Les logos, visuels et marques pr\u00e9sents sur ce site sont la propri\u00e9t\u00e9 de leur d\u00e9tenteur respectif.<br \/>Ce site peut, \u00e0 son insu, avoir \u00e9t\u00e9 reli\u00e9 \u00e0 d\u2019autres sites par le biais de liens hypertextes. L&rsquo;\u00e9diteur d\u00e9cline toute responsabilit\u00e9 pour les informations pr\u00e9sent\u00e9es sur ces autres sites.<br \/>L\u2019internaute reconna\u00eet que l\u2019utilisation du site www.echappeeverte.com est r\u00e9gie par le droit fran\u00e7ais.<br \/>\u2026\u2026\u2026\u2026\u2026\u2026\u2026\u2026\u2026\u2026\u2026\u2026\u2026\u2026\u2026\u2026\u2026\u2026\u2026\u2026\u2026\u2026\u2026\u2026<\/p>\n<h2>CONFIDENTIALIT\u00c9 \u2013 DONN\u00c9ES PERSONNELLES<\/h2>\n<p>Toutes les donn\u00e9es personnelles recueillies sur le site sont trait\u00e9es avec la plus stricte confidentialit\u00e9. Nous vous rappelons que vous disposez d\u2019un droit d\u2019acc\u00e8s, de modification, de rectification et de suppression des donn\u00e9es qui vous concernent (art. 34 de la loi \u00ab\u00a0Informatique et Libert\u00e9s\u00a0\u00bb du 6 janvier 1978).<br \/>L&rsquo;\u00c9chapp\u00e9e Verte\u2028 Jean Marie Lesquer<br \/>\u2022 \u00a0 \u00a0Si\u00e8ge social : 13 rue de la Capelane 34670 St Br\u00e8s<br \/>\u2022\u00a0\u00a0 \u00a0Tel : 06 13 07 04 03<br \/>\u2022\u00a0\u00a0 \u00a0Mail : everte@free.fr<\/p>\n<p>Pour plus d\u2019informations concernant la protection de la vie priv\u00e9e, vous pouvez consulter le site de la CNIL (Commission Nationale Informatique et Libert\u00e9s) <a href=\"http:\/\/www.cnil.fr\/\" target=\"_blank\" rel=\"noopener\">www.cnil.fr.<\/a><\/p>\n<p>[\/et_pb_text][\/et_pb_column][\/et_pb_row][\/et_pb_section]<\/p>\n","protected":false},"excerpt":{"rendered":"<p>\u00c9diteur L&rsquo;\u00c9chapp\u00e9e Verte \u2022 \u00a0 \u00a0Si\u00e8ge Social : 13 rue de la Capelane 34670 Saint-Br\u00e8s\u2022\u00a0\u00a0 \u00a0T\u00e9l. : 06 13 07 04 03\u2022\u00a0\u00a0 \u00a0Mail : everte@free.fr\u2026\u2026\u2026\u2026\u2026\u2026\u2026\u2026\u2026\u2026\u2026\u2026\u2026\u2026\u2026\u2026\u2026\u2026\u2026\u2026\u2026\u2026\u2026\u2026. Responsable de la publication \u2022\u00a0\u00a0 [&hellip;]<\/p>\n","protected":false},"author":1,"featured_media":0,"parent":2,"menu_order":0,"comment_status":"closed","ping_status":"closed","template":"","meta":{"_et_pb_use_builder":"on","_et_pb_old_content":"<h2>\u00c9diteur<\/h2>\nL'\u00c9chapp\u00e9e Verte\n\n\u2022\u00a0\u00a0 \u00a0Adresse : 1 rue de la Capelane 34670 Saint-Br\u00e8s\n\u2022\u00a0\u00a0 \u00a0T\u00e9l. : 06 13 07 04 03\n\u2022\u00a0\u00a0 \u00a0Mail : everte@free.fr\n\u2026\u2026\u2026\u2026\u2026\u2026\u2026\u2026\u2026\u2026\u2026\u2026\u2026\u2026\u2026\u2026\u2026\u2026\u2026\u2026\u2026\u2026\u2026\u2026.\n<h2>Responsable de la publication<\/h2>\n\u2022\u00a0\u00a0 \u00a0Jean-Marie Lesquer\n\u2022\u00a0\u00a0 \u00a0RCS Montpellier : 422 454 611\n\u2026\u2026\u2026\u2026\u2026\u2026\u2026\u2026\u2026\u2026\u2026\u2026\u2026\u2026\u2026\u2026\u2026\u2026\u2026\u2026\u2026\u2026\u2026\u2026.\n<h2>R\u00e9alisation<\/h2>\nCe site a \u00e9t\u00e9 con\u00e7u et r\u00e9alis\u00e9 par <a href=\"http:\/\/www.colorescence.com\/\" target=\"_blank\" rel=\"noopener\">Colorescence<\/a> sur la plate forme WordPress\nCommentaires, remarques et suggestions : contact@colorescence.com\n\u2026\u2026\u2026\u2026\u2026\u2026\u2026\u2026\u2026\u2026\u2026\u2026\u2026\u2026\u2026\u2026\u2026\u2026\u2026\u2026\u2026\u2026\u2026\u2026.\n<h2>Cr\u00e9dits Photo<\/h2>\n\u2022 Paul Villecourt\n\u2022 <a href=\"http:\/\/olivieroctobre-photo.fr\/\" target=\"_blank\" rel=\"noopener\">Olivier Octobre<\/a>\n\n\u2026\u2026\u2026\u2026\u2026\u2026\u2026\u2026\u2026\u2026\u2026\u2026\u2026\u2026\u2026\u2026\u2026\u2026\u2026\u2026\u2026\u2026\u2026\u2026.\n<h2>H\u00e9bergement<\/h2>\n<a href=\"http:\/\/www.ovh.com\/fr\/index.xml\" target=\"_blank\" rel=\"noopener\">OVH<\/a>\nSAS au capital de 10 000 000 \u20ac\nRCS Roubaix \u2013 Tourcoing 424 761 419 00045\nCode APE 6202A\nN\u00b0 TVA : FR 22 424 761 419\nSi\u00e8ge social : 2 rue Kellermann - 59100 Roubaix - France.\nDirecteur de la publication : Octave KLABA\n\n\u2026\u2026\u2026\u2026\u2026\u2026\u2026\u2026\u2026\u2026\u2026\u2026\u2026\u2026\u2026\u2026\u2026\u2026\u2026\u2026\u2026\u2026\u2026\u2026\n<h2>MENTIONS LEGALES<\/h2>\nEn application de la loi du 11 mars 1957 (art. 41) et du code de la propri\u00e9t\u00e9 intellectuelle du 1er juillet 1992, toute reproduction partielle ou totale \u00e0 usage collectif est strictement interdite sans autorisation de l'\u00e9diteur.\nLes logos, visuels et marques pr\u00e9sents sur ce site sont la propri\u00e9t\u00e9 de leur d\u00e9tenteur respectif.\nCe site peut, \u00e0 son insu, avoir \u00e9t\u00e9 reli\u00e9 \u00e0 d\u2019autres sites par le biais de liens hypertextes. L'\u00e9diteur d\u00e9cline toute responsabilit\u00e9 pour les informations pr\u00e9sent\u00e9es sur ces autres sites.\nL\u2019internaute reconna\u00eet que l\u2019utilisation du site www.echappeeverte.com est r\u00e9gie par le droit fran\u00e7ais.\n\u2026\u2026\u2026\u2026\u2026\u2026\u2026\u2026\u2026\u2026\u2026\u2026\u2026\u2026\u2026\u2026\u2026\u2026\u2026\u2026\u2026\u2026\u2026\u2026\n<h2>CONFIDENTIALIT\u00c9 \u2013 DONN\u00c9ES PERSONNELLES<\/h2>\nToutes les donn\u00e9es personnelles recueillies sur le site sont trait\u00e9es avec la plus stricte confidentialit\u00e9. Nous vous rappelons que vous disposez d\u2019un droit d\u2019acc\u00e8s, de modification, de rectification et de suppression des donn\u00e9es qui vous concernent (art. 34 de la loi \u00ab\u00a0Informatique et Libert\u00e9s\u00a0\u00bb du 6 janvier 1978).\nL'\u00c9chapp\u00e9e Verte\u2028 Jean Marie Lesquer\n\u2022\u00a0\u00a0 \u00a0Adresse : 1 rue de la Capelane 34670 St Br\u00e8s\n\u2022\u00a0\u00a0 \u00a0Tel : 06 13 07 04 03\n\u2022\u00a0\u00a0 \u00a0Mail : everte@free.fr\n\nPour plus d\u2019informations concernant la protection de la vie priv\u00e9e, vous pouvez consulter le site de la CNIL (Commission Nationale Informatique et Libert\u00e9s) <a href=\"http:\/\/www.cnil.fr\/\" target=\"_blank\" rel=\"noopener\">www.cnil.fr.<\/a>","_et_gb_content_width":"","footnotes":""},"class_list":["post-184","page","type-page","status-publish","hentry"],"aioseo_notices":[],"_links":{"self":[{"href":"https:\/\/www.echappeeverte.com\/kayak-eco-tourisme\/wp-json\/wp\/v2\/pages\/184","targetHints":{"allow":["GET"]}}],"collection":[{"href":"https:\/\/www.echappeeverte.com\/kayak-eco-tourisme\/wp-json\/wp\/v2\/pages"}],"about":[{"href":"https:\/\/www.echappeeverte.com\/kayak-eco-tourisme\/wp-json\/wp\/v2\/types\/page"}],"author":[{"embeddable":true,"href":"https:\/\/www.echappeeverte.com\/kayak-eco-tourisme\/wp-json\/wp\/v2\/users\/1"}],"replies":[{"embeddable":true,"href":"https:\/\/www.echappeeverte.com\/kayak-eco-tourisme\/wp-json\/wp\/v2\/comments?post=184"}],"version-history":[{"count":6,"href":"https:\/\/www.echappeeverte.com\/kayak-eco-tourisme\/wp-json\/wp\/v2\/pages\/184\/revisions"}],"predecessor-version":[{"id":2194,"href":"https:\/\/www.echappeeverte.com\/kayak-eco-tourisme\/wp-json\/wp\/v2\/pages\/184\/revisions\/2194"}],"up":[{"embeddable":true,"href":"https:\/\/www.echappeeverte.com\/kayak-eco-tourisme\/wp-json\/wp\/v2\/pages\/2"}],"wp:attachment":[{"href":"https:\/\/www.echappeeverte.com\/kayak-eco-tourisme\/wp-json\/wp\/v2\/media?parent=184"}],"curies":[{"name":"wp","href":"https:\/\/api.w.org\/{rel}","templated":true}]}}