{"id":2324,"date":"2023-07-09T17:09:20","date_gmt":"2023-07-09T16:09:20","guid":{"rendered":"https:\/\/www.echappeeverte.com\/kayak-eco-tourisme\/?page_id=2324"},"modified":"2025-06-01T17:33:40","modified_gmt":"2025-06-01T16:33:40","slug":"2324-2","status":"publish","type":"page","link":"https:\/\/www.echappeeverte.com\/kayak-eco-tourisme\/2324-2\/","title":{"rendered":"Location"},"content":{"rendered":"<p>[et_pb_section fb_built=\u00a0\u00bb1&Prime; _builder_version=\u00a0\u00bb4.21.0&Prime; background_color=\u00a0\u00bbrgba(0,0,0,0.05)\u00a0\u00bb background_image=\u00a0\u00bbhttps:\/\/www.echappeeverte.com\/kayak-eco-tourisme\/wp-content\/uploads\/2021\/07\/photo2.jpg\u00a0\u00bb custom_margin=\u00a0\u00bb0px|0px|0px|0px\u00a0\u00bb custom_padding=\u00a0\u00bb0px|0px|300px|0px|false|false\u00a0\u00bb global_colors_info=\u00a0\u00bb{}\u00a0\u00bb][\/et_pb_section][et_pb_section fb_built=\u00a0\u00bb1&Prime; _builder_version=\u00a0\u00bb4.21.0&Prime; _module_preset=\u00a0\u00bbdefault\u00a0\u00bb global_colors_info=\u00a0\u00bb{}\u00a0\u00bb][et_pb_row _builder_version=\u00a0\u00bb4.21.0&Prime; _module_preset=\u00a0\u00bbdefault\u00a0\u00bb custom_padding=\u00a0\u00bb||0px|||\u00a0\u00bb global_colors_info=\u00a0\u00bb{}\u00a0\u00bb][et_pb_column type=\u00a0\u00bb4_4&Prime; _builder_version=\u00a0\u00bb4.21.0&Prime; _module_preset=\u00a0\u00bbdefault\u00a0\u00bb global_colors_info=\u00a0\u00bb{}\u00a0\u00bb][et_pb_text _builder_version=\u00a0\u00bb4.21.0&Prime; _module_preset=\u00a0\u00bbdefault\u00a0\u00bb inline_fonts=\u00a0\u00bbAsap Condensed\u00a0\u00bb global_colors_info=\u00a0\u00bb{}\u00a0\u00bb]<\/p>\n<h1 style=\"text-align: center;\"><span style=\"font-family: 'Asap Condensed'; font-weight: normal; color: #2b8900;\">Chasse au tr\u00e9sor et Location de kayaks<\/span><\/h1>\n<h3 style=\"text-align: center;\"><span style=\"font-family: 'Asap Condensed'; font-weight: normal; color: #000000;\">Nouveau ! Une formule plus souple et ludique.<\/span><\/h3>\n<p>[\/et_pb_text][et_pb_divider _builder_version=\u00a0\u00bb4.21.0&Prime; _module_preset=\u00a0\u00bbdefault\u00a0\u00bb global_colors_info=\u00a0\u00bb{}\u00a0\u00bb][\/et_pb_divider][et_pb_text _builder_version=\u00a0\u00bb4.21.0&Prime; _module_preset=\u00a0\u00bbdefault\u00a0\u00bb custom_padding=\u00a0\u00bb||25px|||\u00a0\u00bb global_colors_info=\u00a0\u00bb{}\u00a0\u00bb]<\/p>\n<p><span style=\"color: #000000;\">D\u00e9couvrez le ruisseau Salaison avec cette nouvelle formule location souple et accessible. Sur une zone d\u00e9limit\u00e9e et abrit\u00e9e, partez \u00e0 la recherche de balises de course d&rsquo;orientation que nous avons pr\u00e9alablement plac\u00e9es sur le ruisseau ombrag\u00e9&#8230; ouvrez les yeux et profitez-en pour observer la faune et la flore : h\u00e9rons, martin-p\u00eacheurs, tortues, ragondins, canards, etc.<\/span><\/p>\n<p><span style=\"color: #000000;\">Une formule estivale pour se rafraichir \u00e0 deux pas de Montpellier, \u00e0 Mauguio.<\/span><\/p>\n<p><span style=\"color: #000000;\">L&rsquo;\u00e9quipement n\u00e9cessaire est fourni : kayak, pagaies, gilets, sacs \u00e9tanches et feuilles pour course d&rsquo;orientation.<\/span><\/p>\n<p>Cette activit\u00e9 peut aussi \u00eatre r\u00e9alis\u00e9e de mani\u00e8re guid\u00e9e pour les groupes scolaires, se renseigner au 06 13 07 04 03.<span style=\"color: #000000;\"><\/span><\/p>\n<p><span style=\"color: #000000;\"><\/span><\/p>\n<p>[\/et_pb_text][et_pb_divider _builder_version=\u00a0\u00bb4.21.0&Prime; _module_preset=\u00a0\u00bbdefault\u00a0\u00bb global_colors_info=\u00a0\u00bb{}\u00a0\u00bb][\/et_pb_divider][et_pb_divider _builder_version=\u00a0\u00bb4.21.0&Prime; _module_preset=\u00a0\u00bbdefault\u00a0\u00bb global_colors_info=\u00a0\u00bb{}\u00a0\u00bb][\/et_pb_divider][et_pb_text _builder_version=\u00a0\u00bb4.21.0&Prime; _module_preset=\u00a0\u00bbdefault\u00a0\u00bb inline_fonts=\u00a0\u00bbAsap Condensed\u00a0\u00bb global_colors_info=\u00a0\u00bb{}\u00a0\u00bb]<\/p>\n<h1 style=\"text-align: center;\"><span style=\"color: #2b8900; font-family: Asap Condensed;\">Infos pratiques et tarifs<\/span><\/h1>\n<p><span style=\"color: #2b8900; font-family: Asap Condensed;\"><\/span><\/p>\n<p>[\/et_pb_text][et_pb_text _builder_version=\u00a0\u00bb4.21.0&Prime; _module_preset=\u00a0\u00bbdefault\u00a0\u00bb custom_padding=\u00a0\u00bb||25px|||\u00a0\u00bb global_colors_info=\u00a0\u00bb{}\u00a0\u00bb]<\/p>\n<p><span style=\"color: #000000;\">Parking et sanitaires sur notre base. <\/span><\/p>\n<p><span style=\"color: #000000;\">Boissons et tables de pique-nique sur place.<\/span><\/p>\n<p><span style=\"color: #000000;\">A Mauguio, Chemin Louis Roux, sur la partie goudronn\u00e9e, 34130 Mauguio.<\/span><\/p>\n<p><span style=\"color: #000000;\">Proche Montpellier, Lunel, La Grande-Motte.<\/span><\/p>\n<p><span style=\"color: #000000;\">Tous les \u00e9quipements sont fournis.\u00a0<\/span><\/p>\n<p><span style=\"text-decoration: underline;\"><span style=\"color: #000000; text-decoration: underline;\">Temps d&rsquo;activit\u00e9 : entre 45min et 1h30<\/span><\/span><\/p>\n<p><span style=\"text-decoration: underline;\"><span style=\"color: #000000; text-decoration: underline;\">Tarifs :<\/span><\/span><\/p>\n<p><span style=\"color: #000000;\">&#8211; 16 \u20ac \/ pers (adultes et enfants)<\/span><\/p>\n<p><span style=\"color: #000000;\">R\u00e9servation demand\u00e9e.\u00a0<\/span><\/p>\n<p><span style=\"color: #000000;\">Pour r\u00e9server : Bouton \u00ab\u00a0R\u00e9server\u00a0\u00bb dans le menu -&gt; Activit\u00e9 \u00ab\u00a0Location\u00a0\u00bb\u00a0 \u00a0 \u00a0 \u00a0 ou\u00a0 \u00a0 \u00a006 13 07 04 03<\/span><\/p>\n<p>[\/et_pb_text][\/et_pb_column][\/et_pb_row][et_pb_row _builder_version=\u00a0\u00bb4.21.0&Prime; _module_preset=\u00a0\u00bbdefault\u00a0\u00bb global_colors_info=\u00a0\u00bb{}\u00a0\u00bb][et_pb_column type=\u00a0\u00bb4_4&Prime; _builder_version=\u00a0\u00bb4.21.0&Prime; _module_preset=\u00a0\u00bbdefault\u00a0\u00bb global_colors_info=\u00a0\u00bb{}\u00a0\u00bb][et_pb_divider _builder_version=\u00a0\u00bb4.21.0&Prime; _module_preset=\u00a0\u00bbdefault\u00a0\u00bb global_colors_info=\u00a0\u00bb{}\u00a0\u00bb][\/et_pb_divider][et_pb_text _builder_version=\u00a0\u00bb4.21.0&Prime; _module_preset=\u00a0\u00bbdefault\u00a0\u00bb inline_fonts=\u00a0\u00bbAsap Condensed\u00a0\u00bb global_colors_info=\u00a0\u00bb{}\u00a0\u00bb]<\/p>\n<h1 style=\"text-align: center;\"><span style=\"color: #2b8900; font-family: Asap Condensed;\">Nos autres prestations<\/span><\/h1>\n<p><span style=\"color: #2b8900; font-family: Asap Condensed;\"><\/span><\/p>\n<p>[\/et_pb_text][et_pb_menu menu_id=\u00a0\u00bb2&Prime; menu_style=\u00a0\u00bbcentered\u00a0\u00bb active_link_color=\u00a0\u00bb#000000&Prime; cart_icon_color=\u00a0\u00bb#FFFFFF\u00a0\u00bb search_icon_color=\u00a0\u00bb#FFFFFF\u00a0\u00bb menu_icon_color=\u00a0\u00bb#FFFFFF\u00a0\u00bb _builder_version=\u00a0\u00bb4.21.0&Prime; _module_preset=\u00a0\u00bbdefault\u00a0\u00bb background_enable_color=\u00a0\u00bboff\u00a0\u00bb use_background_color_gradient=\u00a0\u00bbon\u00a0\u00bb background_color_gradient_type=\u00a0\u00bbcircular\u00a0\u00bb global_colors_info=\u00a0\u00bb{}\u00a0\u00bb][\/et_pb_menu][\/et_pb_column][\/et_pb_row][\/et_pb_section]<\/p>\n","protected":false},"excerpt":{"rendered":"<p>Chasse au tr\u00e9sor et Location de kayaks Nouveau ! Une formule plus souple et ludique.D\u00e9couvrez le ruisseau Salaison avec cette nouvelle formule location souple et accessible. Sur une zone d\u00e9limit\u00e9e [&hellip;]<\/p>\n","protected":false},"author":1,"featured_media":0,"parent":0,"menu_order":0,"comment_status":"closed","ping_status":"closed","template":"","meta":{"_et_pb_use_builder":"on","_et_pb_old_content":"","_et_gb_content_width":"","footnotes":""},"class_list":["post-2324","page","type-page","status-publish","hentry"],"aioseo_notices":[],"_links":{"self":[{"href":"https:\/\/www.echappeeverte.com\/kayak-eco-tourisme\/wp-json\/wp\/v2\/pages\/2324","targetHints":{"allow":["GET"]}}],"collection":[{"href":"https:\/\/www.echappeeverte.com\/kayak-eco-tourisme\/wp-json\/wp\/v2\/pages"}],"about":[{"href":"https:\/\/www.echappeeverte.com\/kayak-eco-tourisme\/wp-json\/wp\/v2\/types\/page"}],"author":[{"embeddable":true,"href":"https:\/\/www.echappeeverte.com\/kayak-eco-tourisme\/wp-json\/wp\/v2\/users\/1"}],"replies":[{"embeddable":true,"href":"https:\/\/www.echappeeverte.com\/kayak-eco-tourisme\/wp-json\/wp\/v2\/comments?post=2324"}],"version-history":[{"count":8,"href":"https:\/\/www.echappeeverte.com\/kayak-eco-tourisme\/wp-json\/wp\/v2\/pages\/2324\/revisions"}],"predecessor-version":[{"id":2659,"href":"https:\/\/www.echappeeverte.com\/kayak-eco-tourisme\/wp-json\/wp\/v2\/pages\/2324\/revisions\/2659"}],"wp:attachment":[{"href":"https:\/\/www.echappeeverte.com\/kayak-eco-tourisme\/wp-json\/wp\/v2\/media?parent=2324"}],"curies":[{"name":"wp","href":"https:\/\/api.w.org\/{rel}","templated":true}]}}